{"id":291,"date":"2023-04-06T07:40:46","date_gmt":"2023-04-06T07:40:46","guid":{"rendered":"https:\/\/franciscansinternational.kinsta.cloud\/es\/?page_id=291"},"modified":"2023-04-06T07:40:47","modified_gmt":"2023-04-06T07:40:47","slug":"politica-de-privacidad","status":"publish","type":"page","link":"https:\/\/franciscansinternational.org\/es\/politica-de-privacidad\/","title":{"rendered":"Pol\u00edtica de privacidad"},"content":{"rendered":"\n<p><strong><em>Atenci\u00f3n: se trata de una traducci\u00f3n generada autom\u00e1ticamente. En caso de divergencia, la versi\u00f3n inglesa es la autorizada.<\/em><\/strong><\/p>\n\n\n\n<p>Esta pol\u00edtica de privacidad establece c\u00f3mo <a href=\"https:\/\/franciscansinternational.org\/about\/about-us\/\">Franciscans International<\/a> utiliza y protege cualquier informaci\u00f3n que usted nos da cuando utiliza nuestro sitio web, y le informa de sus derechos.Franciscans International Association es una asociaci\u00f3n suiza en el sentido de los art\u00edculos 60 y siguientes del C\u00f3digo de Obligaciones, con sede en 37\/39 Rue de Vermont, 1202 Ginebra, Suiza.<\/p>\n\n\n\n<p>Si tiene alguna pregunta o solicitud, env\u00edenos un correo electr\u00f3nico a la siguiente direcci\u00f3n: <a href=\"mailto:communications@franciscansinternational.org\">communications@franciscansinternational.org<\/a>.&nbsp;<\/p>\n\n\n\n<p>Cuando utilice este sitio web (el <strong>\u00abSitio Web\u00bb<\/strong>) o, de forma m\u00e1s general, los servicios disponibles en el Sitio Web, como donaciones y boletines informativos (colectivamente, el\/los <strong>\u00abServicio(s)\u00bb<\/strong>), nos comprometemos a proteger y procesar sus datos personales de acuerdo con esta Pol\u00edtica de Privacidad y de conformidad con la Ley Federal Suiza de Protecci\u00f3n de Datos (\u00abFDPA\u00bb) y la normativa relacionada con la protecci\u00f3n de datos.<\/p>\n\n\n\n<p>Por <strong>Datos Personales<\/strong> entendemos cualquier informaci\u00f3n relativa a una persona f\u00edsica identificada o identificable (sujeto de datos o usted); una persona f\u00edsica identificable es aquella que puede ser identificada, directa o indirectamente, en particular por referencia a un identificador como un nombre, un n\u00famero de identificaci\u00f3n, datos de localizaci\u00f3n, un identificador en l\u00ednea o a uno o m\u00e1s factores espec\u00edficos de la identidad f\u00edsica, fisiol\u00f3gica, gen\u00e9tica, mental, econ\u00f3mica, cultural o social de dicha persona f\u00edsica.<\/p>\n\n\n\n<p>Franciscans International se compromete a garantizar la protecci\u00f3n de su privacidad cuando acceda a nuestro Sitio Web y\/o utilice nuestros Servicios. Los Datos Personales se procesan de conformidad con las disposiciones de las leyes aplicables y esta Pol\u00edtica de Privacidad.<\/p>\n\n\n\n<p>En caso de que no est\u00e9 de acuerdo con alguna parte de esta Pol\u00edtica de Privacidad, por favor inf\u00f3rmenos y deje de utilizar nuestro Sitio Web o Servicio(s).<\/p>\n\n\n\n<h2 class=\"wp-block-heading\">Qu\u00e9 datos personales recogemos<\/h2>\n\n\n\n<p>Podemos recopilar uno o todos los datos siguientes:<\/p>\n\n\n\n<ul class=\"wp-block-list\">\n<li>Nombre y apellidos<\/li>\n\n\n\n<li>Informaci\u00f3n de contacto<\/li>\n\n\n\n<li>Datos demogr\u00e1ficos<\/li>\n\n\n\n<li>Informaci\u00f3n de pago y facturaci\u00f3n<\/li>\n\n\n\n<li>Idioma de preferencia<\/li>\n<\/ul>\n\n\n\n<p>Recopilamos Datos Personales relacionados con su comportamiento en nuestro Sitio Web a trav\u00e9s de Jetpack Analytics (p\u00e1gina visitada, porcentaje de rebote, tiempo de permanencia en las diferentes p\u00e1ginas, etc.). Esto es para proporcionarle el mejor servicio posible, adaptado a su audiencia.&nbsp; Si desea obtener m\u00e1s informaci\u00f3n sobre la pol\u00edtica de privacidad de Jetpack, haga <a href=\"https:\/\/jetpack.com\/support\/privacy\/\">clic aqu\u00ed<\/a>.&nbsp;<\/p>\n\n\n\n<h2 class=\"wp-block-heading\">Qu\u00e9 hacemos con los datos que recopilamos<\/h2>\n\n\n\n<p>Necesitamos esta informaci\u00f3n por dos razones: (1) para entender sus necesidades y ofrecerle un mejor servicio y (2) para enviarle informaci\u00f3n relevante sobre nuestro trabajo. A continuaci\u00f3n se indican las formas en que utilizaremos sus datos:<\/p>\n\n\n\n<ul class=\"wp-block-list\">\n<li>Mantenimiento de registros internos, especialmente cuando recopilamos informaci\u00f3n para campa\u00f1as y difusi\u00f3n de comunicaciones.<\/li>\n\n\n\n<li>Mejora de nuestros productos y servicios<\/li>\n\n\n\n<li>Para procesar una donaci\u00f3n<\/li>\n\n\n\n<li>Asignaci\u00f3n de nuestras publicaciones e informaci\u00f3n en el idioma de su preferencia<\/li>\n\n\n\n<li>Mejorar la forma en que ofrecemos informaci\u00f3n sobre nuestro trabajo en nuestro sitio web. Podemos utilizar la informaci\u00f3n para personalizar el sitio web seg\u00fan sus intereses.<\/li>\n<\/ul>\n\n\n\n<p>Nos preocupa su privacidad. Por este motivo <strong>no vendemos sus datos personales a nadie<\/strong> y destruiremos sus registros si as\u00ed lo desea (v\u00e9ase la secci\u00f3n \u00absus derechos\u00bb m\u00e1s adelante)<\/p>\n\n\n\n<h2 class=\"wp-block-heading\">Seguimiento del tr\u00e1fico a trav\u00e9s de las redes sociales<\/h2>\n\n\n\n<p>Compartimos informaci\u00f3n sobre nuestro trabajo tambi\u00e9n en Facebook, Twitter, YouTube y LinkedIn. Para poder ofrecer informaci\u00f3n adaptada a la audiencia, utilizamos estos servicios para recopilar informaci\u00f3n sobre el tr\u00e1fico en nuestros canales de redes sociales. Para saber m\u00e1s sobre las pol\u00edticas de datos de las redes sociales que utilizamos, siga los enlaces correspondientes: <a href=\"https:\/\/www.facebook.com\/policy.php\">Facebook<\/a>, <a href=\"https:\/\/twitter.com\/en\/privacy\">Twitter<\/a>, <a href=\"https:\/\/support.google.com\/youtube\/answer\/7671399?hl=en\">YouTube<\/a> y <a href=\"https:\/\/www.linkedin.com\/legal\/privacy-policy\">LinkedIn<\/a>.<\/p>\n\n\n\n<h2 class=\"wp-block-heading\">Contenido incrustado de otros sitios web<\/h2>\n\n\n\n<p>Los art\u00edculos de este sitio pueden incluir ocasionalmente contenido incrustado (por ejemplo, v\u00eddeos de YouTube). El contenido incrustado de otros sitios web se comporta exactamente igual que si el visitante hubiera visitado el otro sitio web.<\/p>\n\n\n\n<p>Estos sitios web pueden recopilar datos sobre usted, utilizar cookies, incrustar seguimiento adicional de terceros y supervisar su interacci\u00f3n con ese contenido incrustado, incluido el seguimiento de su interacci\u00f3n con el contenido incrustado si tiene una cuenta y ha iniciado sesi\u00f3n en ese sitio web.<\/p>\n\n\n\n<h3 class=\"wp-block-heading\">Enlaces a otros sitios web<\/h3>\n\n\n\n<p>El sitio web de Franciscans International puede contener enlaces a otros sitios web. Por favor, tenga en cuenta que una vez que utilice cualquiera de estos enlaces y abandone nuestro sitio web, no tenemos ning\u00fan control sobre la forma en que sus datos ser\u00e1n tratados por otros sitios web. Por lo tanto, no podemos responsabilizarnos de la protecci\u00f3n y privacidad de la informaci\u00f3n que pueda proporcionarnos al visitar dichos sitios, que no se rigen por la presente declaraci\u00f3n de privacidad. Le recomendamos que sea prudente y consulte la declaraci\u00f3n de privacidad aplicable a los sitios web en cuesti\u00f3n. &nbsp;<\/p>\n\n\n\n<h2 class=\"wp-block-heading\">C\u00f3mo protegemos sus datos<\/h2>\n\n\n\n<p>Ponemos el m\u00e1ximo cuidado en la seguridad de la informaci\u00f3n que nos env\u00eda. Nuestro sitio web utiliza Secure Socket Layers (SSL) para proteger la transmisi\u00f3n de sus datos a nuestros servidores.<\/p>\n\n\n\n<h4 class=\"wp-block-heading\">D\u00f3nde se almacena su informaci\u00f3n<\/h4>\n\n\n\n<p>Dependiendo del tipo de informaci\u00f3n que haya enviado, sus datos se almacenar\u00e1n de forma segura en una base de datos de nuestro servidor en Suiza; o en la base de datos de nuestros socios terceros de confianza, si los datos fueron enviados directamente por usted para un prop\u00f3sito particular en nuestro sitio web. Estos socios terceros incluyen:<\/p>\n\n\n\n<ol class=\"wp-block-list\">\n<li>MailChimp &#8211; para suscripciones a listas de correo electr\u00f3nico.<\/li>\n\n\n\n<li>Jetpack Analytics &#8211; para informaci\u00f3n estad\u00edstica an\u00f3nima.<\/li>\n\n\n\n<li>Stripe &#8211; para las donaciones enviadas en nuestro sitio web a trav\u00e9s de tarjeta de cr\u00e9dito.<\/li>\n\n\n\n<li>GiveCloud &#8211; para la funcionalidad y procesamiento del formulario de donaci\u00f3n.<\/li>\n\n\n\n<li>DonorPerfect: para documentar el historial de donaciones y proporcionar servicios y funciones de comunicaci\u00f3n con los donantes.<\/li>\n<\/ol>\n\n\n\n<p>La informaci\u00f3n almacenada por estos terceros est\u00e1 protegida y sujeta a su pol\u00edtica de privacidad. Puede consultar sus pol\u00edticas en los siguientes enlaces:<\/p>\n\n\n\n<p><br><a href=\"https:\/\/mailchimp.com\/legal\/privacy\/\">Mailchimp<\/a>&nbsp; &nbsp; <a href=\"https:\/\/jetpack.com\/support\/privacy\/\">Jetpack Analytics<\/a> &nbsp; &nbsp; <a href=\"https:\/\/stripe.com\/privacy\">Stripe<\/a> &nbsp; &nbsp; <a href=\"https:\/\/givecloud.com\/privacy-policy\">GiveCloud<\/a> &nbsp; &nbsp; <a href=\"https:\/\/www.donorperfect.com\/canada\/\">DonorPerfect<\/a>&nbsp;<\/p>\n\n\n\n<h4 class=\"wp-block-heading\">Transferencias internacionales<\/h4>\n\n\n\n<p>Debido a las ubicaciones multinacionales de los servidores de nuestros socios terceros, cualquier informaci\u00f3n que usted consinti\u00f3 en proporcionar puede ser transferida a una ubicaci\u00f3n fuera del pa\u00eds o regi\u00f3n en la que usted se encuentra. Los datos s\u00f3lo se transferir\u00e1n a socios terceros de confianza, como se indica en la secci\u00f3n anterior, que determinemos que cuentan con par\u00e1metros de transparencia y seguridad adecuados para la protecci\u00f3n, el almacenamiento y la accesibilidad de sus datos.<\/p>\n\n\n\n<h4 class=\"wp-block-heading\">Responsable del tratamiento y responsable de la protecci\u00f3n de datos<\/h4>\n\n\n\n<p>El controlador de datos es la organizaci\u00f3n\/entidad responsable de la protecci\u00f3n de la informaci\u00f3n en y enviada a este sitio web. El responsable del tratamiento es la Asociaci\u00f3n Internacional Franciscana (37\/39 Rue de Vermont, 1202 Ginebra, Suiza).<\/p>\n\n\n\n<p>Si considera que algo no se aborda en esta Pol\u00edtica de Privacidad o tiene m\u00e1s preguntas, puede ponerse en contacto con nuestro Responsable de Protecci\u00f3n de Datos (DPO) en <a href=\"mailto:communications@franciscansinternational.org\">communications@franciscansinternational.org<\/a>.&nbsp;<\/p>\n\n\n\n<h2 class=\"wp-block-heading\">Durante cu\u00e1nto tiempo almacenamos sus datos<\/h2>\n\n\n\n<p>La informaci\u00f3n personal enviada directamente a nuestro sitio web a trav\u00e9s de un formulario se almacena indefinidamente, o hasta que se solicite su eliminaci\u00f3n manual.<\/p>\n\n\n\n<h2 class=\"wp-block-heading\">Sus derechos<\/h2>\n\n\n\n<p>Usted tiene los siguientes derechos en relaci\u00f3n con sus Datos Personales, salvo en presencia de una obligaci\u00f3n legal o reglamentaria o de un inter\u00e9s leg\u00edtimo superior de Franciscans International o de un tercero :<\/p>\n\n\n\n<ul class=\"wp-block-list\">\n<li>derecho de acceso y solicitud de una copia de sus Datos Personales;<\/li>\n\n\n\n<li>un derecho de rectificaci\u00f3n cuando la informaci\u00f3n que tenemos sobre usted sea inexacta;<\/li>\n\n\n\n<li><strong>derecho a solicitar que se borren sus Datos Personales <\/strong>cuando, por ejemplo, no sean necesarios para el fin para el que fueron recogidos o tratados, o si retira su consentimiento;<\/li>\n\n\n\n<li>derecho a restringir el uso de sus datos personales;<\/li>\n\n\n\n<li>derecho a oponerse al tratamiento de sus Datos Personales;<\/li>\n\n\n\n<li>en su caso, derecho a la portabilidad de los datos;<\/li>\n\n\n\n<li>derecho a retirar su consentimiento para el tratamiento de sus Datos Personales en cualquier momento. Tenga en cuenta que dicha retirada s\u00f3lo se aplicar\u00e1 al tratamiento de datos futuro y no afectar\u00e1 al tratamiento que se haya producido en el pasado;<\/li>\n\n\n\n<li>el derecho a presentar una reclamaci\u00f3n ante la autoridad competente en materia de protecci\u00f3n de datos si considera que nuestro tratamiento de sus datos personales infringe la legislaci\u00f3n aplicable en materia de protecci\u00f3n de datos. En Suiza, el Comisionado Federal de Protecci\u00f3n de Datos e Informaci\u00f3n es competente para supervisar a las entidades privadas: <a href=\"mailto:info@edoeb.admin.ch\">info@edoeb.admin.ch<\/a>.&nbsp;<\/li>\n<\/ul>\n\n\n\n<p>Puede darse de baja de nuestro bolet\u00edn o de cualquier comunicaci\u00f3n comercial en cualquier momento inform\u00e1ndonos a trav\u00e9s de <a href=\"mailto:communications@franciscansinternational.org\">communications@franciscansinternational.org<\/a> o haciendo clic en el enlace que aparece al final de cada bolet\u00edn.<\/p>\n\n\n\n<p>En general, no cobraremos ninguna tasa por el ejercicio de cualquiera de sus derechos en relaci\u00f3n con sus Datos Personales. No obstante, podremos cobrarle una tasa de acceso si su solicitud nos supone costes significativos, en cuyo caso le informaremos de acuerdo con la legislaci\u00f3n aplicable.<\/p>\n\n\n\n<h2 class=\"wp-block-heading\">Cookies<\/h2>\n\n\n\n<p>El sitio web de Franciscans International, como la mayor\u00eda de los sitios web, utiliza peque\u00f1os archivos de texto llamados cookies. A continuaci\u00f3n encontrar\u00e1 informaci\u00f3n sobre qu\u00e9 son las cookies, qu\u00e9 cookies utiliza Franciscans International y c\u00f3mo se pueden controlar.<\/p>\n\n\n\n<h4 class=\"wp-block-heading\">\u00bfQu\u00e9 son las cookies?<\/h4>\n\n\n\n<p>Las cookies son archivos de texto que contienen peque\u00f1as cantidades de informaci\u00f3n que se descargan en su dispositivo cuando visita un sitio web. Las cookies se env\u00edan de vuelta al sitio web de origen en cada visita posterior, o a otro sitio web que reconozca esa cookie. El uso de cookies est\u00e1 muy extendido porque permiten a un sitio web reconocer el dispositivo de un usuario y, por tanto, mejorar su funcionalidad.<\/p>\n\n\n\n<p>Puede encontrar m\u00e1s informaci\u00f3n sobre las cookies en: <a href=\"http:\/\/www.allaboutcookies.org\">www.allaboutcookies.org<\/a>.&nbsp;<\/p>\n\n\n\n<h4 class=\"wp-block-heading\">Cambiar la configuraci\u00f3n de las cookies<\/h4>\n\n\n\n<p>Puede modificar la configuraci\u00f3n de las cookies o retirar su consentimiento aqu\u00ed.<\/p>\n\n\n\n<p>Definiciones&nbsp;<\/p>\n\n\n\n<h4 class=\"wp-block-heading\">Cookies de origen y de terceros<\/h4>\n\n\n\n<p>Las cookies de origen son las establecidas por un sitio web que est\u00e1 siendo visitado por el usuario en ese momento: el sitio web que aparece en la ventana de URL. Las cookies de terceros son las establecidas por un dominio distinto al del sitio web visitado por el usuario. Si un usuario visita un sitio web y otra entidad establece la cookie a trav\u00e9s de ese sitio web, se tratar\u00eda de una cookie de terceros.<\/p>\n\n\n\n<p><em>Cookies persistentes<\/em><\/p>\n\n\n\n<p>Estas cookies permanecen en el dispositivo del usuario durante el periodo de tiempo especificado en la cookie. Se activan cada vez que el usuario visita el sitio web que cre\u00f3 esa cookie en particular.<\/p>\n\n\n\n<p><em>Cookies de sesi\u00f3n<\/em><\/p>\n\n\n\n<p>Estas cookies permiten a los operadores de sitios web vincular las acciones de un usuario durante una sesi\u00f3n de navegaci\u00f3n. Una sesi\u00f3n de navegador comienza cuando el usuario abre la ventana del navegador y termina cuando la cierra. Las cookies de sesi\u00f3n se crean temporalmente. Una vez que se cierra el navegador, se eliminan todas las cookies de sesi\u00f3n.<\/p>\n\n\n\n<h4 class=\"wp-block-heading\">Jetpack Analytics<\/h4>\n\n\n\n<p>Franciscans International utiliza Jetpack Analytics para supervisar el rendimiento de nuestro sitio web.<\/p>\n\n\n\n<p>Las cookies de Jetpack Analytics recopilan informaci\u00f3n de registro est\u00e1ndar de Internet e informaci\u00f3n sobre el comportamiento de los visitantes de forma an\u00f3nima. Para obtener m\u00e1s informaci\u00f3n sobre c\u00f3mo Jetpack Analytics utiliza las cookies, haga <a href=\"https:\/\/jetpack.com\/support\/cookies\/\">clic aqu\u00ed<\/a>. Para m\u00e1s informaci\u00f3n sobre la pol\u00edtica de privacidad de Jetpack Analytics <a href=\"https:\/\/automattic.com\/privacy-notice\/\">consulte aqu\u00ed<\/a>.<\/p>\n\n\n\n<h2 class=\"wp-block-heading\">Cambios en esta pol\u00edtica<\/h2>\n\n\n\n<p>Franciscans International actualizar\u00e1 ocasionalmente esta Pol\u00edtica de Privacidad para adaptarla a sus pr\u00e1cticas, cumplir con nuevos requisitos legales o eliminar informaci\u00f3n obsoleta. Cualquier cambio en esta Pol\u00edtica se publicar\u00e1 directamente en esta p\u00e1gina. En la parte inferior de la Pol\u00edtica de Privacidad indicamos cu\u00e1ndo se actualiz\u00f3 por \u00faltima vez.<\/p>\n\n\n\n<p>En caso de que se produzcan cambios sustanciales en la forma en que recopilamos y utilizamos los datos, publicaremos un aviso en nuestro sitio web para anunciarle la actualizaci\u00f3n y solicitar su consentimiento para los cambios.<\/p>\n\n\n\n<p>\u00daltima actualizaci\u00f3n: 26 de enero de 2023<\/p>\n","protected":false},"excerpt":{"rendered":"<p>Atenci\u00f3n: se trata de una traducci\u00f3n generada autom\u00e1ticamente. En caso de divergencia, la versi\u00f3n inglesa es la autorizada. Esta pol\u00edtica &#8230; <\/p>\n","protected":false},"author":2,"featured_media":0,"parent":0,"menu_order":0,"comment_status":"closed","ping_status":"closed","template":"privacy-policy.php","meta":{"_relevanssi_hide_post":"","_relevanssi_hide_content":"","_relevanssi_pin_for_all":"","_relevanssi_pin_keywords":"","_relevanssi_unpin_keywords":"","_relevanssi_related_keywords":"","_relevanssi_related_include_ids":"","_relevanssi_related_exclude_ids":"","_relevanssi_related_no_append":"","_relevanssi_related_not_related":"","_relevanssi_related_posts":"265,209,280,205,271,248","_relevanssi_noindex_reason":"","footnotes":""},"class_list":["post-291","page","type-page","status-publish","hentry"],"acf":[],"yoast_head":"<!-- This site is optimized with the Yoast SEO plugin v27.5 - https:\/\/yoast.com\/product\/yoast-seo-wordpress\/ -->\n<title>Pol\u00edtica de privacidad - Franciscans International (ES)<\/title>\n<meta name=\"robots\" content=\"index, follow, max-snippet:-1, max-image-preview:large, max-video-preview:-1\" \/>\n<link rel=\"canonical\" href=\"https:\/\/franciscansinternational.org\/es\/politica-de-privacidad\/\" \/>\n<meta property=\"og:locale\" content=\"es_ES\" \/>\n<meta property=\"og:type\" content=\"article\" \/>\n<meta property=\"og:title\" content=\"Pol\u00edtica de privacidad - Franciscans International (ES)\" \/>\n<meta property=\"og:description\" content=\"Atenci\u00f3n: se trata de una traducci\u00f3n generada autom\u00e1ticamente. En caso de divergencia, la versi\u00f3n inglesa es la autorizada. Esta pol\u00edtica ...\" \/>\n<meta property=\"og:url\" content=\"https:\/\/franciscansinternational.org\/es\/politica-de-privacidad\/\" \/>\n<meta property=\"og:site_name\" content=\"Franciscans International (ES)\" \/>\n<meta property=\"article:publisher\" content=\"https:\/\/www.facebook.com\/FranciscansInternational\/\" \/>\n<meta property=\"article:modified_time\" content=\"2023-04-06T07:40:47+00:00\" \/>\n<meta property=\"og:image\" content=\"https:\/\/franciscansinternational.org\/es\/wp-content\/uploads\/sites\/3\/2023\/05\/WebGrab.png\" \/>\n\t<meta property=\"og:image:width\" content=\"2400\" \/>\n\t<meta property=\"og:image:height\" content=\"1256\" \/>\n\t<meta property=\"og:image:type\" content=\"image\/png\" \/>\n<meta name=\"twitter:card\" content=\"summary_large_image\" \/>\n<meta name=\"twitter:site\" content=\"@FranciscansIntl\" \/>\n<meta name=\"twitter:label1\" content=\"Tiempo de lectura\" \/>\n\t<meta name=\"twitter:data1\" content=\"9 minutos\" \/>\n<script type=\"application\/ld+json\" class=\"yoast-schema-graph\">{\"@context\":\"https:\\\/\\\/schema.org\",\"@graph\":[{\"@type\":\"WebPage\",\"@id\":\"https:\\\/\\\/franciscansinternational.org\\\/es\\\/politica-de-privacidad\\\/\",\"url\":\"https:\\\/\\\/franciscansinternational.org\\\/es\\\/politica-de-privacidad\\\/\",\"name\":\"Pol\u00edtica de privacidad - Franciscans International (ES)\",\"isPartOf\":{\"@id\":\"https:\\\/\\\/franciscansinternational.org\\\/es\\\/#website\"},\"datePublished\":\"2023-04-06T07:40:46+00:00\",\"dateModified\":\"2023-04-06T07:40:47+00:00\",\"breadcrumb\":{\"@id\":\"https:\\\/\\\/franciscansinternational.org\\\/es\\\/politica-de-privacidad\\\/#breadcrumb\"},\"inLanguage\":\"es\",\"potentialAction\":[{\"@type\":\"ReadAction\",\"target\":[\"https:\\\/\\\/franciscansinternational.org\\\/es\\\/politica-de-privacidad\\\/\"]}]},{\"@type\":\"BreadcrumbList\",\"@id\":\"https:\\\/\\\/franciscansinternational.org\\\/es\\\/politica-de-privacidad\\\/#breadcrumb\",\"itemListElement\":[{\"@type\":\"ListItem\",\"position\":1,\"name\":\"Home\",\"item\":\"https:\\\/\\\/franciscansinternational.org\\\/es\\\/\"},{\"@type\":\"ListItem\",\"position\":2,\"name\":\"Pol\u00edtica de privacidad\"}]},{\"@type\":\"WebSite\",\"@id\":\"https:\\\/\\\/franciscansinternational.org\\\/es\\\/#website\",\"url\":\"https:\\\/\\\/franciscansinternational.org\\\/es\\\/\",\"name\":\"Franciscans International (ES)\",\"description\":\"Just another Franciscans International site\",\"publisher\":{\"@id\":\"https:\\\/\\\/franciscansinternational.org\\\/es\\\/#organization\"},\"potentialAction\":[{\"@type\":\"SearchAction\",\"target\":{\"@type\":\"EntryPoint\",\"urlTemplate\":\"https:\\\/\\\/franciscansinternational.org\\\/es\\\/?s={search_term_string}\"},\"query-input\":{\"@type\":\"PropertyValueSpecification\",\"valueRequired\":true,\"valueName\":\"search_term_string\"}}],\"inLanguage\":\"es\"},{\"@type\":\"Organization\",\"@id\":\"https:\\\/\\\/franciscansinternational.org\\\/es\\\/#organization\",\"name\":\"Franciscans International (ES)\",\"url\":\"https:\\\/\\\/franciscansinternational.org\\\/es\\\/\",\"logo\":{\"@type\":\"ImageObject\",\"inLanguage\":\"es\",\"@id\":\"https:\\\/\\\/franciscansinternational.org\\\/es\\\/#\\\/schema\\\/logo\\\/image\\\/\",\"url\":\"https:\\\/\\\/franciscansinternational.org\\\/wp-content\\\/uploads\\\/sites\\\/3\\\/2023\\\/05\\\/logo-3.png\",\"contentUrl\":\"https:\\\/\\\/franciscansinternational.org\\\/wp-content\\\/uploads\\\/sites\\\/3\\\/2023\\\/05\\\/logo-3.png\",\"width\":1200,\"height\":205,\"caption\":\"Franciscans International (ES)\"},\"image\":{\"@id\":\"https:\\\/\\\/franciscansinternational.org\\\/es\\\/#\\\/schema\\\/logo\\\/image\\\/\"},\"sameAs\":[\"https:\\\/\\\/www.facebook.com\\\/FranciscansInternational\\\/\",\"https:\\\/\\\/x.com\\\/FranciscansIntl\",\"https:\\\/\\\/www.youtube.com\\\/channel\\\/UCexu0i-fWB4wwrlPMCz8_Zg\"]}]}<\/script>\n<!-- \/ Yoast SEO plugin. -->","yoast_head_json":{"title":"Pol\u00edtica de privacidad - Franciscans International (ES)","robots":{"index":"index","follow":"follow","max-snippet":"max-snippet:-1","max-image-preview":"max-image-preview:large","max-video-preview":"max-video-preview:-1"},"canonical":"https:\/\/franciscansinternational.org\/es\/politica-de-privacidad\/","og_locale":"es_ES","og_type":"article","og_title":"Pol\u00edtica de privacidad - Franciscans International (ES)","og_description":"Atenci\u00f3n: se trata de una traducci\u00f3n generada autom\u00e1ticamente. En caso de divergencia, la versi\u00f3n inglesa es la autorizada. Esta pol\u00edtica ...","og_url":"https:\/\/franciscansinternational.org\/es\/politica-de-privacidad\/","og_site_name":"Franciscans International (ES)","article_publisher":"https:\/\/www.facebook.com\/FranciscansInternational\/","article_modified_time":"2023-04-06T07:40:47+00:00","og_image":[{"width":2400,"height":1256,"url":"https:\/\/franciscansinternational.org\/es\/wp-content\/uploads\/sites\/3\/2023\/05\/WebGrab.png","type":"image\/png"}],"twitter_card":"summary_large_image","twitter_site":"@FranciscansIntl","twitter_misc":{"Tiempo de lectura":"9 minutos"},"schema":{"@context":"https:\/\/schema.org","@graph":[{"@type":"WebPage","@id":"https:\/\/franciscansinternational.org\/es\/politica-de-privacidad\/","url":"https:\/\/franciscansinternational.org\/es\/politica-de-privacidad\/","name":"Pol\u00edtica de privacidad - Franciscans International (ES)","isPartOf":{"@id":"https:\/\/franciscansinternational.org\/es\/#website"},"datePublished":"2023-04-06T07:40:46+00:00","dateModified":"2023-04-06T07:40:47+00:00","breadcrumb":{"@id":"https:\/\/franciscansinternational.org\/es\/politica-de-privacidad\/#breadcrumb"},"inLanguage":"es","potentialAction":[{"@type":"ReadAction","target":["https:\/\/franciscansinternational.org\/es\/politica-de-privacidad\/"]}]},{"@type":"BreadcrumbList","@id":"https:\/\/franciscansinternational.org\/es\/politica-de-privacidad\/#breadcrumb","itemListElement":[{"@type":"ListItem","position":1,"name":"Home","item":"https:\/\/franciscansinternational.org\/es\/"},{"@type":"ListItem","position":2,"name":"Pol\u00edtica de privacidad"}]},{"@type":"WebSite","@id":"https:\/\/franciscansinternational.org\/es\/#website","url":"https:\/\/franciscansinternational.org\/es\/","name":"Franciscans International (ES)","description":"Just another Franciscans International site","publisher":{"@id":"https:\/\/franciscansinternational.org\/es\/#organization"},"potentialAction":[{"@type":"SearchAction","target":{"@type":"EntryPoint","urlTemplate":"https:\/\/franciscansinternational.org\/es\/?s={search_term_string}"},"query-input":{"@type":"PropertyValueSpecification","valueRequired":true,"valueName":"search_term_string"}}],"inLanguage":"es"},{"@type":"Organization","@id":"https:\/\/franciscansinternational.org\/es\/#organization","name":"Franciscans International (ES)","url":"https:\/\/franciscansinternational.org\/es\/","logo":{"@type":"ImageObject","inLanguage":"es","@id":"https:\/\/franciscansinternational.org\/es\/#\/schema\/logo\/image\/","url":"https:\/\/franciscansinternational.org\/wp-content\/uploads\/sites\/3\/2023\/05\/logo-3.png","contentUrl":"https:\/\/franciscansinternational.org\/wp-content\/uploads\/sites\/3\/2023\/05\/logo-3.png","width":1200,"height":205,"caption":"Franciscans International (ES)"},"image":{"@id":"https:\/\/franciscansinternational.org\/es\/#\/schema\/logo\/image\/"},"sameAs":["https:\/\/www.facebook.com\/FranciscansInternational\/","https:\/\/x.com\/FranciscansIntl","https:\/\/www.youtube.com\/channel\/UCexu0i-fWB4wwrlPMCz8_Zg"]}]}},"jetpack_sharing_enabled":true,"_links":{"self":[{"href":"https:\/\/franciscansinternational.org\/es\/wp-json\/wp\/v2\/pages\/291","targetHints":{"allow":["GET"]}}],"collection":[{"href":"https:\/\/franciscansinternational.org\/es\/wp-json\/wp\/v2\/pages"}],"about":[{"href":"https:\/\/franciscansinternational.org\/es\/wp-json\/wp\/v2\/types\/page"}],"author":[{"embeddable":true,"href":"https:\/\/franciscansinternational.org\/es\/wp-json\/wp\/v2\/users\/2"}],"replies":[{"embeddable":true,"href":"https:\/\/franciscansinternational.org\/es\/wp-json\/wp\/v2\/comments?post=291"}],"version-history":[{"count":1,"href":"https:\/\/franciscansinternational.org\/es\/wp-json\/wp\/v2\/pages\/291\/revisions"}],"predecessor-version":[{"id":292,"href":"https:\/\/franciscansinternational.org\/es\/wp-json\/wp\/v2\/pages\/291\/revisions\/292"}],"wp:attachment":[{"href":"https:\/\/franciscansinternational.org\/es\/wp-json\/wp\/v2\/media?parent=291"}],"curies":[{"name":"wp","href":"https:\/\/api.w.org\/{rel}","templated":true}]}}